{"id":975,"date":"2023-05-11T08:42:31","date_gmt":"2023-05-11T08:42:31","guid":{"rendered":"https:\/\/demosites.royal-elementor-addons.com\/fintech-v1\/?page_id=8"},"modified":"2024-02-16T13:24:12","modified_gmt":"2024-02-16T13:24:12","slug":"epos-il-gestionale-edisoft","status":"publish","type":"page","link":"https:\/\/epossoftware.it\/?page_id=975","title":{"rendered":"Chi siamo"},"content":{"rendered":"\t\t<div data-elementor-type=\"wp-page\" data-elementor-id=\"975\" class=\"elementor elementor-975\" data-elementor-post-type=\"page\">\n\t\t\t\t\t\t<section class=\"elementor-section elementor-top-section elementor-element elementor-element-a00e5a5 elementor-section-height-min-height elementor-section-boxed elementor-section-height-default elementor-section-items-middle wpr-particle-no wpr-jarallax-no wpr-parallax-no wpr-sticky-section-no\" data-id=\"a00e5a5\" data-element_type=\"section\" data-settings=\"{&quot;background_background&quot;:&quot;classic&quot;}\">\n\t\t\t\t\t\t<div class=\"elementor-container elementor-column-gap-default\">\n\t\t\t\t\t<div class=\"elementor-column elementor-col-100 elementor-top-column elementor-element elementor-element-cce4de2\" data-id=\"cce4de2\" data-element_type=\"column\" data-settings=\"{&quot;background_background&quot;:&quot;slideshow&quot;,&quot;background_slideshow_gallery&quot;:[],&quot;background_slideshow_loop&quot;:&quot;yes&quot;,&quot;background_slideshow_slide_duration&quot;:5000,&quot;background_slideshow_slide_transition&quot;:&quot;fade&quot;,&quot;background_slideshow_transition_duration&quot;:500}\">\n\t\t\t<div class=\"elementor-widget-wrap elementor-element-populated\">\n\t\t\t\t\t\t<div class=\"elementor-element elementor-element-b4273bb elementor-widget elementor-widget-heading\" data-id=\"b4273bb\" data-element_type=\"widget\" data-widget_type=\"heading.default\">\n\t\t\t\t<div class=\"elementor-widget-container\">\n\t\t\t\t\t<h2 class=\"elementor-heading-title elementor-size-default\">LA NOSTRA STORIA<\/h2>\t\t\t\t<\/div>\n\t\t\t\t<\/div>\n\t\t\t\t\t<\/div>\n\t\t<\/div>\n\t\t\t\t\t<\/div>\n\t\t<\/section>\n\t\t\t\t<section class=\"elementor-section elementor-top-section elementor-element elementor-element-40192dd elementor-section-boxed elementor-section-height-default elementor-section-height-default wpr-particle-no wpr-jarallax-no wpr-parallax-no wpr-sticky-section-no\" data-id=\"40192dd\" data-element_type=\"section\">\n\t\t\t\t\t\t<div class=\"elementor-container elementor-column-gap-wide\">\n\t\t\t\t\t<div class=\"elementor-column elementor-col-50 elementor-top-column elementor-element elementor-element-254bc30\" data-id=\"254bc30\" data-element_type=\"column\" data-settings=\"{&quot;animation_mobile&quot;:&quot;fadeInUp&quot;}\">\n\t\t\t<div class=\"elementor-widget-wrap elementor-element-populated\">\n\t\t\t\t\t\t<div class=\"elementor-element elementor-element-d2305b6 elementor-widget elementor-widget-heading\" data-id=\"d2305b6\" data-element_type=\"widget\" data-widget_type=\"heading.default\">\n\t\t\t\t<div class=\"elementor-widget-container\">\n\t\t\t\t\t<h2 class=\"elementor-heading-title elementor-size-default\">DAL 1993 OPERIAMO NEL SETTORE IT         <\/h2>\t\t\t\t<\/div>\n\t\t\t\t<\/div>\n\t\t\t\t<div class=\"elementor-element elementor-element-ad6b5eb elementor-widget elementor-widget-heading\" data-id=\"ad6b5eb\" data-element_type=\"widget\" data-widget_type=\"heading.default\">\n\t\t\t\t<div class=\"elementor-widget-container\">\n\t\t\t\t\t<h2 class=\"elementor-heading-title elementor-size-default\">CON GRANDE PASSIONE E DEDIZIONE!<\/h2>\t\t\t\t<\/div>\n\t\t\t\t<\/div>\n\t\t\t\t<div class=\"elementor-element elementor-element-101d6ad elementor-widget elementor-widget-text-editor\" data-id=\"101d6ad\" data-element_type=\"widget\" data-widget_type=\"text-editor.default\">\n\t\t\t\t<div class=\"elementor-widget-container\">\n\t\t\t\t\t\t\t\t\t<p>La Edisoft Srl opera da oltre 20 anni nel settore delle soluzioni informatiche sia di natura software che hardware. Gli anni di esperienza e la variet\u00e0 dei servizi offerti ci permette di essere economicamente competitivi fornendo al cliente finale servizi di elevata qualit\u00e0 a prezzi molto contenuti.<\/p><p>I nostri clienti sono piccole attivit\u00e0, liberi professionisti e grandi aziende. I nostri tecnici godono di una grande formazione per garantire a tutti i clienti la loro piena soddisfazione in tempi contenuti.<\/p>\t\t\t\t\t\t\t\t<\/div>\n\t\t\t\t<\/div>\n\t\t\t\t<div class=\"elementor-element elementor-element-c9663ca wpr-button-icon-style-inline wpr-button-icon-position-right elementor-widget elementor-widget-wpr-button\" data-id=\"c9663ca\" data-element_type=\"widget\" data-widget_type=\"wpr-button.default\">\n\t\t\t\t<div class=\"elementor-widget-container\">\n\t\t\t\t\t\t\n\t\t\t\n\t\t\n\t\t<div class=\"wpr-button-wrap elementor-clearfix\">\n\t\t<a class=\"wpr-button wpr-button-effect wpr-button-none\" data-text=\"Go\" href=\"https:\/\/edisoft.net\/\">\n\t\t\t\n\t\t\t<span class=\"wpr-button-content\">\n\t\t\t\t\t\t\t\t\t<span class=\"wpr-button-text\">SCOPRI DI PIU&#039;<\/span>\n\t\t\t\t\t\t\t\t\n\t\t\t\t\t\t\t<\/span>\n\t\t<\/a>\n\n\t\t\t\t<\/div>\n\t\n\t\n\t\t\t\t\t<\/div>\n\t\t\t\t<\/div>\n\t\t\t\t\t<\/div>\n\t\t<\/div>\n\t\t\t\t<div class=\"elementor-column elementor-col-50 elementor-top-column elementor-element elementor-element-e0d4b4a elementor-hidden-tablet elementor-hidden-mobile\" data-id=\"e0d4b4a\" data-element_type=\"column\">\n\t\t\t<div class=\"elementor-widget-wrap elementor-element-populated\">\n\t\t\t\t\t\t<div class=\"elementor-element elementor-element-46f0fbc elementor-widget elementor-widget-image\" data-id=\"46f0fbc\" data-element_type=\"widget\" data-widget_type=\"image.default\">\n\t\t\t\t<div class=\"elementor-widget-container\">\n\t\t\t\t\t\t\t\t\t\t\t\t\t\t\t<img fetchpriority=\"high\" decoding=\"async\" width=\"980\" height=\"980\" src=\"https:\/\/epossoftware.it\/wp-content\/uploads\/2023\/12\/www.reallygreatsite.com_-5-1024x1024.png\" class=\"attachment-large size-large wp-image-2175\" alt=\"\" srcset=\"https:\/\/epossoftware.it\/wp-content\/uploads\/2023\/12\/www.reallygreatsite.com_-5-1024x1024.png 1024w, https:\/\/epossoftware.it\/wp-content\/uploads\/2023\/12\/www.reallygreatsite.com_-5-300x300.png 300w, https:\/\/epossoftware.it\/wp-content\/uploads\/2023\/12\/www.reallygreatsite.com_-5-150x150.png 150w, https:\/\/epossoftware.it\/wp-content\/uploads\/2023\/12\/www.reallygreatsite.com_-5-768x768.png 768w, https:\/\/epossoftware.it\/wp-content\/uploads\/2023\/12\/www.reallygreatsite.com_-5-210x210.png 210w, https:\/\/epossoftware.it\/wp-content\/uploads\/2023\/12\/www.reallygreatsite.com_-5.png 1080w\" sizes=\"(max-width: 980px) 100vw, 980px\" \/>\t\t\t\t\t\t\t\t\t\t\t\t\t\t\t<\/div>\n\t\t\t\t<\/div>\n\t\t\t\t\t<\/div>\n\t\t<\/div>\n\t\t\t\t\t<\/div>\n\t\t<\/section>\n\t\t\t\t<section class=\"elementor-section elementor-top-section elementor-element elementor-element-61ecbc1 elementor-section-boxed elementor-section-height-default elementor-section-height-default wpr-particle-no wpr-jarallax-no wpr-parallax-no wpr-sticky-section-no\" data-id=\"61ecbc1\" data-element_type=\"section\" data-settings=\"{&quot;background_background&quot;:&quot;classic&quot;}\">\n\t\t\t\t\t\t\t<div class=\"elementor-background-overlay\"><\/div>\n\t\t\t\t\t\t\t<div class=\"elementor-container elementor-column-gap-wide\">\n\t\t\t\t\t<div class=\"elementor-column elementor-col-50 elementor-top-column elementor-element elementor-element-6399197\" data-id=\"6399197\" data-element_type=\"column\" data-settings=\"{&quot;animation_mobile&quot;:&quot;fadeInUp&quot;}\">\n\t\t\t<div class=\"elementor-widget-wrap elementor-element-populated\">\n\t\t\t\t\t\t<div class=\"elementor-element elementor-element-7bd3fba elementor-widget elementor-widget-heading\" data-id=\"7bd3fba\" data-element_type=\"widget\" data-widget_type=\"heading.default\">\n\t\t\t\t<div class=\"elementor-widget-container\">\n\t\t\t\t\t<h2 class=\"elementor-heading-title elementor-size-default\">OLTRE 20 ANNI DI ESPERIENZA NELLO SVILUPPO DI SOFTWARE VERTICALI<\/h2>\t\t\t\t<\/div>\n\t\t\t\t<\/div>\n\t\t\t\t<div class=\"elementor-element elementor-element-390be40 elementor-widget elementor-widget-heading\" data-id=\"390be40\" data-element_type=\"widget\" data-widget_type=\"heading.default\">\n\t\t\t\t<div class=\"elementor-widget-container\">\n\t\t\t\t\t<h2 class=\"elementor-heading-title elementor-size-default\">EPOS - il gestionale Edisoft<\/h2>\t\t\t\t<\/div>\n\t\t\t\t<\/div>\n\t\t\t\t<div class=\"elementor-element elementor-element-e5e8581 elementor-widget elementor-widget-text-editor\" data-id=\"e5e8581\" data-element_type=\"widget\" data-widget_type=\"text-editor.default\">\n\t\t\t\t<div class=\"elementor-widget-container\">\n\t\t\t\t\t\t\t\t\t<p>E-pos \u00e8 una delle migliori soluzioni tecnologiche per migliorare l&#8217;efficienza degli operatori commerciali, offrendo un&#8217;interfaccia utente intuitiva, un&#8217;ampia gamma di funzionalit\u00e0 integrate ed una grande flessibilit\u00e0. Grazie a questa avanzata tecnologia, gestire il magazzino, la fatturazione e tutte le attivit\u00e0 operative e contabili \u00e8 diventato semplice ed immediato, permettendo agli operatori commerciali di risparmiare tempo e incrementare la produttivit\u00e0. <br \/>Con E-pos, gli operatori commerciali non solo possono gestire il loro lavoro in modo pi\u00f9 efficiente, ma possono anche offrire una migliore esperienza ai loro clienti, aumentando in tal modo la loro competitivit\u00e0 nel mercato.<\/p>\t\t\t\t\t\t\t\t<\/div>\n\t\t\t\t<\/div>\n\t\t\t\t<div class=\"elementor-element elementor-element-decff5d wpr-button-icon-style-inline wpr-button-icon-position-right elementor-widget elementor-widget-wpr-button\" data-id=\"decff5d\" data-element_type=\"widget\" data-widget_type=\"wpr-button.default\">\n\t\t\t\t<div class=\"elementor-widget-container\">\n\t\t\t\t\t\t\n\t\t\t\n\t\t\n\t\t<div class=\"wpr-button-wrap elementor-clearfix\">\n\t\t<a class=\"wpr-button wpr-button-effect wpr-button-none\" data-text=\"Go\" href=\"https:\/\/epossoftware.it\/?page_id=11\">\n\t\t\t\n\t\t\t<span class=\"wpr-button-content\">\n\t\t\t\t\t\t\t\t\t<span class=\"wpr-button-text\">RICHIEDI INFORMAZIONI<\/span>\n\t\t\t\t\t\t\t\t\n\t\t\t\t\t\t\t<\/span>\n\t\t<\/a>\n\n\t\t\t\t<\/div>\n\t\n\t\n\t\t\t\t\t<\/div>\n\t\t\t\t<\/div>\n\t\t\t\t\t<\/div>\n\t\t<\/div>\n\t\t\t\t<div class=\"elementor-column elementor-col-50 elementor-top-column elementor-element elementor-element-394ad36 elementor-hidden-tablet elementor-hidden-mobile\" data-id=\"394ad36\" data-element_type=\"column\">\n\t\t\t<div class=\"elementor-widget-wrap\">\n\t\t\t\t\t\t\t<\/div>\n\t\t<\/div>\n\t\t\t\t\t<\/div>\n\t\t<\/section>\n\t\t\t\t<section class=\"elementor-section elementor-top-section elementor-element elementor-element-99aecda elementor-section-boxed elementor-section-height-default elementor-section-height-default wpr-particle-no wpr-jarallax-no wpr-parallax-no wpr-sticky-section-no\" data-id=\"99aecda\" data-element_type=\"section\" data-settings=\"{&quot;animation_mobile&quot;:&quot;zoomIn&quot;}\">\n\t\t\t\t\t\t<div class=\"elementor-container elementor-column-gap-default\">\n\t\t\t\t\t<div class=\"elementor-column elementor-col-100 elementor-top-column elementor-element elementor-element-98c50e5\" data-id=\"98c50e5\" data-element_type=\"column\">\n\t\t\t<div class=\"elementor-widget-wrap elementor-element-populated\">\n\t\t\t\t\t\t<div class=\"elementor-element elementor-element-77e4c97 e-transform elementor-widget elementor-widget-image\" data-id=\"77e4c97\" data-element_type=\"widget\" data-settings=\"{&quot;_transform_flipX_effect&quot;:&quot;transform&quot;}\" data-widget_type=\"image.default\">\n\t\t\t\t<div class=\"elementor-widget-container\">\n\t\t\t\t\t\t\t\t\t\t\t\t\t\t\t<img decoding=\"async\" width=\"819\" height=\"1024\" src=\"https:\/\/epossoftware.it\/wp-content\/uploads\/2023\/12\/www.reallygreatsite.com_-13-819x1024.png\" class=\"attachment-large size-large wp-image-2278\" alt=\"\" srcset=\"https:\/\/epossoftware.it\/wp-content\/uploads\/2023\/12\/www.reallygreatsite.com_-13-819x1024.png 819w, https:\/\/epossoftware.it\/wp-content\/uploads\/2023\/12\/www.reallygreatsite.com_-13-240x300.png 240w, https:\/\/epossoftware.it\/wp-content\/uploads\/2023\/12\/www.reallygreatsite.com_-13-768x960.png 768w, https:\/\/epossoftware.it\/wp-content\/uploads\/2023\/12\/www.reallygreatsite.com_-13-168x210.png 168w, https:\/\/epossoftware.it\/wp-content\/uploads\/2023\/12\/www.reallygreatsite.com_-13.png 1080w\" sizes=\"(max-width: 819px) 100vw, 819px\" \/>\t\t\t\t\t\t\t\t\t\t\t\t\t\t\t<\/div>\n\t\t\t\t<\/div>\n\t\t\t\t<div class=\"elementor-element elementor-element-0c6fc2f elementor-widget elementor-widget-heading\" data-id=\"0c6fc2f\" data-element_type=\"widget\" data-widget_type=\"heading.default\">\n\t\t\t\t<div class=\"elementor-widget-container\">\n\t\t\t\t\t<h2 class=\"elementor-heading-title elementor-size-default\"> Timeline della Edisoft<\/h2>\t\t\t\t<\/div>\n\t\t\t\t<\/div>\n\t\t\t\t<div class=\"elementor-element elementor-element-d2bc468 elementor-widget elementor-widget-heading\" data-id=\"d2bc468\" data-element_type=\"widget\" data-widget_type=\"heading.default\">\n\t\t\t\t<div class=\"elementor-widget-container\">\n\t\t\t\t\t<h2 class=\"elementor-heading-title elementor-size-default\">Una Timeline di innovazione e integrazione di servizi all'avanguardia per soddisfare il mercato IT<\/h2>\t\t\t\t<\/div>\n\t\t\t\t<\/div>\n\t\t\t\t<div class=\"elementor-element elementor-element-988b188 elementor-widget elementor-widget-text-editor\" data-id=\"988b188\" data-element_type=\"widget\" data-widget_type=\"text-editor.default\">\n\t\t\t\t<div class=\"elementor-widget-container\">\n\t\t\t\t\t\t\t\t\t<p>La nostra storia, le nostre radici, la qualit\u00e0 dei nostri servizi.<\/p>\t\t\t\t\t\t\t\t<\/div>\n\t\t\t\t<\/div>\n\t\t\t\t<div class=\"elementor-element elementor-element-98fe971 wpr-list-style-none elementor-widget elementor-widget-wpr-posts-timeline\" data-id=\"98fe971\" data-element_type=\"widget\" data-settings=\"{&quot;animation_offset&quot;:150,&quot;aos_animation_duration&quot;:600}\" data-widget_type=\"wpr-posts-timeline.default\">\n\t\t\t\t<div class=\"elementor-widget-container\">\n\t\t\t\t\t\n\t\t<div class=\"wpr-wrapper wpr-vertical wpr-centered\">\n\t\t\t<div class=\"wpr-timeline-centered wpr-line wpr-both-sided-timeline\"><div class=\"wpr-middle-line\"><\/div><div class=\"wpr-timeline-fill\" data-layout=\"centered\"><\/div><article class=\"wpr-timeline-entry wpr-left-aligned elementor-repeater-item-9fbd2c9\" data-item-id=\"elementor-repeater-item-9fbd2c9\"><time class=\"wpr-extra-label\" data-aos=\"fade\" data-aos-left=\"\" data-aos-right=\"\" data-animation-offset=\"150\" data-animation-duration=\"600\"><span class=\"wpr-label\">1993<\/span><span class=\"wpr-sub-label\">Saluzzo<\/span><\/time><div class=\"wpr-timeline-entry-inner\"><div class=\"wpr-main-line-icon wpr-icon\"><i aria-hidden=\"true\" class=\"far fa-file-alt\"><\/i><\/div><div class=\"wpr-story-info-vertical wpr-data-wrap \"  data-aos=\"fade\" data-aos-left=\"\" data-aos-right=\"\" data-animation-offset=\"150\" data-animation-duration=\"600\"><div class=\"wpr-timeline-content-wrapper\"><div class=\"wpr-content-wrapper\"><p class=\"wpr-title-wrap\"><span class=\"wpr-title\">Fondazione della Edisoft Srl<\/span><\/p><div class=\"wpr-description\"><p>Allora era presente solo la nostra sede storica, nel cuore di Saluzzo.<\/p><\/div><\/div><\/div><\/div>\n\t\t\t\t\t\t<\/div>\n\t\t\t\t<\/article><article class=\"wpr-timeline-entry wpr-right-aligned elementor-repeater-item-be080f4\" data-item-id=\"elementor-repeater-item-be080f4\"><time class=\"wpr-extra-label\" data-aos=\"fade\" data-aos-left=\"\" data-aos-right=\"\" data-animation-offset=\"150\" data-animation-duration=\"600\"><span class=\"wpr-label\">2019<\/span><span class=\"wpr-sub-label\">Cuneo<\/span><\/time><div class=\"wpr-timeline-entry-inner\"><div class=\"wpr-main-line-icon wpr-icon\"><i aria-hidden=\"true\" class=\"far fa-folder-open\"><\/i><\/div><div class=\"wpr-story-info-vertical wpr-data-wrap \"  data-aos=\"fade\" data-aos-left=\"\" data-aos-right=\"\" data-animation-offset=\"150\" data-animation-duration=\"600\"><div class=\"wpr-timeline-content-wrapper\"><div class=\"wpr-content-wrapper\"><p class=\"wpr-title-wrap\"><span class=\"wpr-title\">Apertura del reparto sistemistico<\/span><\/p><div class=\"wpr-description\"><p>La sede di Cuneo si specializza, aprendo un nuovo reparto ex novo, nell'assistenza sistemistica.<\/p><\/div><\/div><\/div><\/div>\n\t\t\t\t\t\t<\/div>\n\t\t\t\t<\/article><article class=\"wpr-timeline-entry wpr-left-aligned elementor-repeater-item-4e8cd98\" data-item-id=\"elementor-repeater-item-4e8cd98\"><time class=\"wpr-extra-label\" data-aos=\"fade\" data-aos-left=\"\" data-aos-right=\"\" data-animation-offset=\"150\" data-animation-duration=\"600\"><span class=\"wpr-label\">2023<\/span><span class=\"wpr-sub-label\">Cuneo<\/span><\/time><div class=\"wpr-timeline-entry-inner\"><div class=\"wpr-main-line-icon wpr-icon\"><i aria-hidden=\"true\" class=\"far fa-hdd\"><\/i><\/div><div class=\"wpr-story-info-vertical wpr-data-wrap \"  data-aos=\"fade\" data-aos-left=\"\" data-aos-right=\"\" data-animation-offset=\"150\" data-animation-duration=\"600\"><div class=\"wpr-timeline-content-wrapper\"><div class=\"wpr-content-wrapper\"><p class=\"wpr-title-wrap\"><span class=\"wpr-title\">ISO9001:2015<\/span><\/p><div class=\"wpr-description\"><p>La Edisoft Srl aderisce agli standard internazionali per la qualit\u00e0 dei servizi offerti.<\/p><\/div><\/div><\/div><\/div>\n\t\t\t\t\t\t<\/div>\n\t\t\t\t<\/article><article class=\"wpr-timeline-entry wpr-right-aligned elementor-repeater-item-355fb15\" data-item-id=\"elementor-repeater-item-355fb15\"><time class=\"wpr-extra-label\" data-aos=\"fade\" data-aos-left=\"\" data-aos-right=\"\" data-animation-offset=\"150\" data-animation-duration=\"600\"><span class=\"wpr-label\">Futuro<\/span><\/time><div class=\"wpr-timeline-entry-inner\"><div class=\"wpr-main-line-icon wpr-icon\"><i aria-hidden=\"true\" class=\"far fa-id-card\"><\/i><\/div><div class=\"wpr-story-info-vertical wpr-data-wrap \"  data-aos=\"fade\" data-aos-left=\"\" data-aos-right=\"\" data-animation-offset=\"150\" data-animation-duration=\"600\"><div class=\"wpr-timeline-content-wrapper\"><div class=\"wpr-content-wrapper\"><p class=\"wpr-title-wrap\"><span class=\"wpr-title\">CRESCITA E AMPLIAMENTO AZIENDALE<\/span><\/p><div class=\"wpr-description\"><p>La Edisoft ha sempre lavorato nell'ottica di miglioramento continuo e, seguendo questo percorso, punta ad un ampliamento aziendale e alla crescita della customer satisfaction.<\/p><\/div><\/div><\/div><\/div>\n\t\t\t\t\t\t<\/div>\n\t\t\t\t<\/article><\/div>    \n\t\t\t<\/div>\t\t\t\t<\/div>\n\t\t\t\t<\/div>\n\t\t\t\t\t<\/div>\n\t\t<\/div>\n\t\t\t\t\t<\/div>\n\t\t<\/section>\n\t\t\t\t<\/div>\n\t\t","protected":false},"excerpt":{"rendered":"<p>LA NOSTRA STORIA DAL 1993 OPERIAMO NEL SETTORE IT CON GRANDE PASSIONE E DEDIZIONE! La Edisoft Srl opera da oltre 20 anni nel settore delle soluzioni informatiche sia di natura software che hardware. Gli anni di esperienza e la variet\u00e0 dei servizi offerti ci permette di essere economicamente competitivi fornendo al cliente finale servizi di elevata qualit\u00e0 a prezzi molto contenuti. I nostri clienti sono piccole attivit\u00e0, liberi professionisti e grandi aziende. I nostri tecnici godono di una grande formazione per garantire a tutti i clienti la loro piena soddisfazione in tempi contenuti. SCOPRI DI PIU&#039; OLTRE 20 ANNI DI ESPERIENZA NELLO SVILUPPO DI SOFTWARE VERTICALI EPOS &#8211; il gestionale Edisoft E-pos \u00e8 una delle migliori soluzioni tecnologiche per migliorare l&#8217;efficienza degli operatori commerciali, offrendo un&#8217;interfaccia utente intuitiva, un&#8217;ampia gamma di funzionalit\u00e0 integrate ed una grande flessibilit\u00e0. Grazie a questa avanzata tecnologia, gestire il magazzino, la fatturazione e tutte le attivit\u00e0 operative e contabili \u00e8 diventato semplice ed immediato, permettendo agli operatori commerciali di risparmiare tempo e incrementare la produttivit\u00e0. Con E-pos, gli operatori commerciali non solo possono gestire il loro lavoro in modo pi\u00f9 efficiente, ma possono anche offrire una migliore esperienza ai loro clienti, aumentando in tal modo la loro competitivit\u00e0 nel mercato. RICHIEDI INFORMAZIONI Timeline della Edisoft Una Timeline di innovazione e integrazione di servizi all&#8217;avanguardia per soddisfare il mercato IT La nostra storia, le nostre radici, la qualit\u00e0 dei nostri servizi. 1993Saluzzo Fondazione della Edisoft Srl Allora era presente solo la nostra sede storica, nel cuore di Saluzzo. 2019Cuneo Apertura del reparto sistemistico La sede di Cuneo si specializza, aprendo un nuovo reparto ex novo, nell&#8217;assistenza sistemistica. 2023Cuneo ISO9001:2015 La Edisoft Srl aderisce agli standard internazionali per la qualit\u00e0 dei servizi offerti. Futuro CRESCITA E AMPLIAMENTO AZIENDALE La Edisoft ha sempre lavorato nell&#8217;ottica di miglioramento continuo e, seguendo questo percorso, punta ad un ampliamento aziendale e alla crescita della customer satisfaction.<\/p>\n","protected":false},"author":1,"featured_media":0,"parent":0,"menu_order":0,"comment_status":"closed","ping_status":"closed","template":"elementor_canvas","meta":{"om_disable_all_campaigns":false,"_monsterinsights_skip_tracking":false,"_monsterinsights_sitenote_active":false,"_monsterinsights_sitenote_note":"","_monsterinsights_sitenote_category":0,"footnotes":""},"class_list":["post-975","page","type-page","status-publish","hentry"],"aioseo_notices":[],"_links":{"self":[{"href":"https:\/\/epossoftware.it\/index.php?rest_route=\/wp\/v2\/pages\/975","targetHints":{"allow":["GET"]}}],"collection":[{"href":"https:\/\/epossoftware.it\/index.php?rest_route=\/wp\/v2\/pages"}],"about":[{"href":"https:\/\/epossoftware.it\/index.php?rest_route=\/wp\/v2\/types\/page"}],"author":[{"embeddable":true,"href":"https:\/\/epossoftware.it\/index.php?rest_route=\/wp\/v2\/users\/1"}],"replies":[{"embeddable":true,"href":"https:\/\/epossoftware.it\/index.php?rest_route=%2Fwp%2Fv2%2Fcomments&post=975"}],"version-history":[{"count":139,"href":"https:\/\/epossoftware.it\/index.php?rest_route=\/wp\/v2\/pages\/975\/revisions"}],"predecessor-version":[{"id":2305,"href":"https:\/\/epossoftware.it\/index.php?rest_route=\/wp\/v2\/pages\/975\/revisions\/2305"}],"wp:attachment":[{"href":"https:\/\/epossoftware.it\/index.php?rest_route=%2Fwp%2Fv2%2Fmedia&parent=975"}],"curies":[{"name":"wp","href":"https:\/\/api.w.org\/{rel}","templated":true}]}}